{"id":114,"date":"2013-02-18T18:52:47","date_gmt":"2013-02-18T18:52:47","guid":{"rendered":"http:\/\/www.fira.edu.br\/site\/?page_id=114-old"},"modified":"2024-03-14T22:42:25","modified_gmt":"2024-03-14T22:42:25","slug":"arte","status":"publish","type":"page","link":"https:\/\/www.fira.edu.br\/site\/arte\/","title":{"rendered":"Artes"},"content":{"rendered":"\t\t<div data-elementor-type=\"wp-page\" data-elementor-id=\"114\" class=\"elementor elementor-114\">\n\t\t\t\t<div class=\"elementor-element elementor-element-a74d497 e-flex e-con-boxed e-con e-parent\" data-id=\"a74d497\" data-element_type=\"container\" data-e-type=\"container\">\n\t\t\t\t\t<div class=\"e-con-inner\">\n\t\t<div class=\"elementor-element elementor-element-278eb55 e-flex e-con-boxed e-con e-child\" data-id=\"278eb55\" data-element_type=\"container\" data-e-type=\"container\" data-settings=\"{&quot;background_background&quot;:&quot;classic&quot;}\">\n\t\t\t\t\t<div class=\"e-con-inner\">\n\t\t\t\t<div class=\"elementor-element elementor-element-599db80 elementor-view-default elementor-widget elementor-widget-icon\" data-id=\"599db80\" data-element_type=\"widget\" data-e-type=\"widget\" data-widget_type=\"icon.default\">\n\t\t\t\t<div class=\"elementor-widget-container\">\n\t\t\t\t\t\t\t<div class=\"elementor-icon-wrapper\">\n\t\t\t<div class=\"elementor-icon\">\n\t\t\t<i aria-hidden=\"true\" class=\"fas fa-palette\"><\/i>\t\t\t<\/div>\n\t\t<\/div>\n\t\t\t\t\t\t<\/div>\n\t\t\t\t<\/div>\n\t\t\t\t<div class=\"elementor-element elementor-element-3d422a3 elementor-widget elementor-widget-heading\" data-id=\"3d422a3\" data-element_type=\"widget\" data-e-type=\"widget\" data-widget_type=\"heading.default\">\n\t\t\t\t<div class=\"elementor-widget-container\">\n\t\t\t\t\t<h2 class=\"elementor-heading-title elementor-size-default\">Artes<\/h2>\t\t\t\t<\/div>\n\t\t\t\t<\/div>\n\t\t\t\t\t<\/div>\n\t\t\t\t<\/div>\n\t\t<div class=\"elementor-element elementor-element-c6414ae e-flex e-con-boxed e-con e-child\" data-id=\"c6414ae\" data-element_type=\"container\" data-e-type=\"container\">\n\t\t\t\t\t<div class=\"e-con-inner\">\n\t\t\t\t<div class=\"elementor-element elementor-element-84f27d5 elementor-widget elementor-widget-text-editor\" data-id=\"84f27d5\" data-element_type=\"widget\" data-e-type=\"widget\" data-widget_type=\"text-editor.default\">\n\t\t\t\t<div class=\"elementor-widget-container\">\n\t\t\t\t\t\t\t\t\t<p><strong>Licenciatura em Artes<\/strong><\/p><p>Objetivos principais<br \/>1) Preparar o profissional para a doc\u00eancia em Artes, capacitando-o para ensinar Desenho, Pintura, Escultura, Fotografia, Dan\u00e7a, Artes C\u00eanicas, M\u00fasica, Hist\u00f3ria da Arte e Arte Brasileira no Ensino Fundamental e no Ensino M\u00e9dio;<br \/>2) Desenvolver suporte te\u00f3rico, que fundamente as t\u00e9cnicas necess\u00e1rias \u00e0 pr\u00e1tica das modalidades art\u00edsticas inseridas na matriz curricular do curso;<br \/>3) Colocar o profissional a par dos movimentos art\u00edsticos mais significativos que marcaram a presen\u00e7a humana numa determinada \u00e9poca e espa\u00e7o;<br \/>4) Fornecer fundamentos pedag\u00f3gicos que levem o profissional a compreender como se d\u00e1 a constru\u00e7\u00e3o do conhecimento de modo interdisciplinar.<\/p><p>Mercado de trabalho<br \/>O profissional egresso do curso poder\u00e1 exercer plenamente a doc\u00eancia em Artes no Ensino Fundamental e M\u00e9dio. Poder\u00e1 ainda trabalhar na confec\u00e7\u00e3o de pe\u00e7as art\u00edsticas ou de artesanato, na organiza\u00e7\u00e3o de exposi\u00e7\u00f5es de arte, de galerias e museus.<\/p><p>Dura\u00e7\u00e3o: 04 anos (08 semestres)<\/p>\t\t\t\t\t\t\t\t<\/div>\n\t\t\t\t<\/div>\n\t\t\t\t<div class=\"elementor-element elementor-element-66992c4 elementor-widget elementor-widget-eael-creative-button\" data-id=\"66992c4\" data-element_type=\"widget\" data-e-type=\"widget\" data-widget_type=\"eael-creative-button.default\">\n\t\t\t\t<div class=\"elementor-widget-container\">\n\t\t\t\t\t        <div class=\"eael-creative-button-wrapper\">\n\n            <a class=\"eael-creative-button eael-creative-button--wayra eael-cb-icon-position-left\" href=\"https:\/\/www.fira.edu.br\/site\/wp-content\/uploads\/2024\/03\/MATRIZ-CURRICULAR-ARTE-FIRA.pdf\" target=\"_blank\" data-text=\"\">\n            \t    \n                <div class=\"creative-button-inner\">\n\n                                            <span class=\"eael-creative-button-icon-left\"><i aria-hidden=\"true\" class=\"fas fa-graduation-cap\"><\/i><\/span>                    \n                    <span class=\"cretive-button-text\">Matriz Curricular <\/span>\n\n                                    <\/div>\n\t                        <\/a>\n        <\/div>\n        \t\t\t\t<\/div>\n\t\t\t\t<\/div>\n\t\t\t\t\t<\/div>\n\t\t\t\t<\/div>\n\t\t\t\t\t<\/div>\n\t\t\t\t<\/div>\n\t\t<div class=\"elementor-element elementor-element-469295a e-flex e-con-boxed e-con e-parent\" data-id=\"469295a\" data-element_type=\"container\" data-e-type=\"container\">\n\t\t\t\t\t<div class=\"e-con-inner\">\n\t\t\t\t<div class=\"elementor-element elementor-element-69aa9c5 elementor-widget elementor-widget-image\" data-id=\"69aa9c5\" data-element_type=\"widget\" data-e-type=\"widget\" data-widget_type=\"image.default\">\n\t\t\t\t<div class=\"elementor-widget-container\">\n\t\t\t\t\t\t\t\t\t\t\t\t\t\t\t<img fetchpriority=\"high\" decoding=\"async\" width=\"800\" height=\"1000\" src=\"https:\/\/www.fira.edu.br\/site\/wp-content\/uploads\/2021\/11\/cursos-artes-fira-2021.jpg\" class=\"attachment-large size-large wp-image-13285\" alt=\"\" srcset=\"https:\/\/www.fira.edu.br\/site\/wp-content\/uploads\/2021\/11\/cursos-artes-fira-2021.jpg 800w, https:\/\/www.fira.edu.br\/site\/wp-content\/uploads\/2021\/11\/cursos-artes-fira-2021-240x300.jpg 240w, https:\/\/www.fira.edu.br\/site\/wp-content\/uploads\/2021\/11\/cursos-artes-fira-2021-768x960.jpg 768w\" sizes=\"(max-width: 800px) 100vw, 800px\" \/>\t\t\t\t\t\t\t\t\t\t\t\t\t\t\t<\/div>\n\t\t\t\t<\/div>\n\t\t\t\t\t<\/div>\n\t\t\t\t<\/div>\n\t\t\t\t<\/div>\n\t\t","protected":false},"excerpt":{"rendered":"<p>Artes Licenciatura em Artes Objetivos principais1) Preparar o profissional para a doc\u00eancia em Artes, capacitando-o para ensinar Desenho, Pintura, Escultura, Fotografia, Dan\u00e7a, Artes C\u00eanicas, M\u00fasica, Hist\u00f3ria da Arte e Arte Brasileira no Ensino Fundamental e no Ensino M\u00e9dio;2) Desenvolver suporte te\u00f3rico, que fundamente as t\u00e9cnicas necess\u00e1rias \u00e0 pr\u00e1tica das modalidades art\u00edsticas inseridas na matriz curricular&hellip; <br \/> <a class=\"read-more\" href=\"https:\/\/www.fira.edu.br\/site\/arte\/\">Leia mais<\/a><\/p>\n","protected":false},"author":2,"featured_media":13429,"parent":0,"menu_order":0,"comment_status":"closed","ping_status":"closed","template":"","meta":{"_joinchat":[],"footnotes":""},"class_list":["post-114","page","type-page","status-publish","has-post-thumbnail","hentry"],"yoast_head":"<!-- This site is optimized with the Yoast SEO plugin v27.4 - https:\/\/yoast.com\/product\/yoast-seo-wordpress\/ -->\n<title>Artes - FIRA - FACULDADES INTEGRADAS REGIONAIS DE AVAR\u00c9<\/title>\n<meta name=\"description\" content=\"Curso de arte \u00e9 na FREA.\" \/>\n<meta name=\"robots\" content=\"index, follow, max-snippet:-1, max-image-preview:large, max-video-preview:-1\" \/>\n<link rel=\"canonical\" href=\"https:\/\/www.fira.edu.br\/site\/arte\/\" \/>\n<meta property=\"og:locale\" content=\"pt_BR\" \/>\n<meta property=\"og:type\" content=\"article\" \/>\n<meta property=\"og:title\" content=\"Artes - FIRA - FACULDADES INTEGRADAS REGIONAIS DE AVAR\u00c9\" \/>\n<meta property=\"og:description\" content=\"Curso de arte \u00e9 na FREA.\" \/>\n<meta property=\"og:url\" content=\"https:\/\/www.fira.edu.br\/site\/arte\/\" \/>\n<meta property=\"og:site_name\" content=\"FACULDADES INTEGRADAS REGIONAIS DE AVAR\u00c9\" \/>\n<meta property=\"article:modified_time\" content=\"2024-03-14T22:42:25+00:00\" \/>\n<meta property=\"og:image\" content=\"https:\/\/www.fira.edu.br\/site\/wp-content\/uploads\/2021\/11\/artes-fira-2021.jpg\" \/>\n\t<meta property=\"og:image:width\" content=\"1080\" \/>\n\t<meta property=\"og:image:height\" content=\"1350\" \/>\n\t<meta property=\"og:image:type\" content=\"image\/jpeg\" \/>\n<meta name=\"twitter:label1\" content=\"Est. tempo de leitura\" \/>\n\t<meta name=\"twitter:data1\" content=\"2 minutos\" \/>\n<script type=\"application\/ld+json\" class=\"yoast-schema-graph\">{\"@context\":\"https:\\\/\\\/schema.org\",\"@graph\":[{\"@type\":\"WebPage\",\"@id\":\"https:\\\/\\\/www.fira.edu.br\\\/site\\\/arte\\\/\",\"url\":\"https:\\\/\\\/www.fira.edu.br\\\/site\\\/arte\\\/\",\"name\":\"Artes - FIRA - FACULDADES INTEGRADAS REGIONAIS DE AVAR\u00c9\",\"isPartOf\":{\"@id\":\"https:\\\/\\\/www.fira.edu.br\\\/site\\\/#website\"},\"primaryImageOfPage\":{\"@id\":\"https:\\\/\\\/www.fira.edu.br\\\/site\\\/arte\\\/#primaryimage\"},\"image\":{\"@id\":\"https:\\\/\\\/www.fira.edu.br\\\/site\\\/arte\\\/#primaryimage\"},\"thumbnailUrl\":\"https:\\\/\\\/www.fira.edu.br\\\/site\\\/wp-content\\\/uploads\\\/2021\\\/11\\\/artes-fira-2021.jpg\",\"datePublished\":\"2013-02-18T18:52:47+00:00\",\"dateModified\":\"2024-03-14T22:42:25+00:00\",\"description\":\"Curso de arte \u00e9 na FREA.\",\"breadcrumb\":{\"@id\":\"https:\\\/\\\/www.fira.edu.br\\\/site\\\/arte\\\/#breadcrumb\"},\"inLanguage\":\"pt-BR\",\"potentialAction\":[{\"@type\":\"ReadAction\",\"target\":[\"https:\\\/\\\/www.fira.edu.br\\\/site\\\/arte\\\/\"]}]},{\"@type\":\"ImageObject\",\"inLanguage\":\"pt-BR\",\"@id\":\"https:\\\/\\\/www.fira.edu.br\\\/site\\\/arte\\\/#primaryimage\",\"url\":\"https:\\\/\\\/www.fira.edu.br\\\/site\\\/wp-content\\\/uploads\\\/2021\\\/11\\\/artes-fira-2021.jpg\",\"contentUrl\":\"https:\\\/\\\/www.fira.edu.br\\\/site\\\/wp-content\\\/uploads\\\/2021\\\/11\\\/artes-fira-2021.jpg\",\"width\":1080,\"height\":1350},{\"@type\":\"BreadcrumbList\",\"@id\":\"https:\\\/\\\/www.fira.edu.br\\\/site\\\/arte\\\/#breadcrumb\",\"itemListElement\":[{\"@type\":\"ListItem\",\"position\":1,\"name\":\"In\u00edcio\",\"item\":\"https:\\\/\\\/www.fira.edu.br\\\/site\\\/\"},{\"@type\":\"ListItem\",\"position\":2,\"name\":\"Artes\"}]},{\"@type\":\"WebSite\",\"@id\":\"https:\\\/\\\/www.fira.edu.br\\\/site\\\/#website\",\"url\":\"https:\\\/\\\/www.fira.edu.br\\\/site\\\/\",\"name\":\"FACULDADES INTEGRADAS REGIONAIS DE AVAR\u00c9\",\"description\":\"A tradi\u00e7\u00e3o \u00e9 nossa. A oportunidade \u00e9 sua.\",\"publisher\":{\"@id\":\"https:\\\/\\\/www.fira.edu.br\\\/site\\\/#organization\"},\"potentialAction\":[{\"@type\":\"SearchAction\",\"target\":{\"@type\":\"EntryPoint\",\"urlTemplate\":\"https:\\\/\\\/www.fira.edu.br\\\/site\\\/?s={search_term_string}\"},\"query-input\":{\"@type\":\"PropertyValueSpecification\",\"valueRequired\":true,\"valueName\":\"search_term_string\"}}],\"inLanguage\":\"pt-BR\"},{\"@type\":\"Organization\",\"@id\":\"https:\\\/\\\/www.fira.edu.br\\\/site\\\/#organization\",\"name\":\"FACULDADES INTEGRADAS REGIONAIS DE AVAR\u00c9\",\"url\":\"https:\\\/\\\/www.fira.edu.br\\\/site\\\/\",\"logo\":{\"@type\":\"ImageObject\",\"inLanguage\":\"pt-BR\",\"@id\":\"https:\\\/\\\/www.fira.edu.br\\\/site\\\/#\\\/schema\\\/logo\\\/image\\\/\",\"url\":\"https:\\\/\\\/www.fira.edu.br\\\/site\\\/wp-content\\\/uploads\\\/2020\\\/12\\\/fira-teste-.png\",\"contentUrl\":\"https:\\\/\\\/www.fira.edu.br\\\/site\\\/wp-content\\\/uploads\\\/2020\\\/12\\\/fira-teste-.png\",\"width\":105,\"height\":105,\"caption\":\"FACULDADES INTEGRADAS REGIONAIS DE AVAR\u00c9\"},\"image\":{\"@id\":\"https:\\\/\\\/www.fira.edu.br\\\/site\\\/#\\\/schema\\\/logo\\\/image\\\/\"}}]}<\/script>\n<!-- \/ Yoast SEO plugin. -->","yoast_head_json":{"title":"Artes - FIRA - FACULDADES INTEGRADAS REGIONAIS DE AVAR\u00c9","description":"Curso de arte \u00e9 na FREA.","robots":{"index":"index","follow":"follow","max-snippet":"max-snippet:-1","max-image-preview":"max-image-preview:large","max-video-preview":"max-video-preview:-1"},"canonical":"https:\/\/www.fira.edu.br\/site\/arte\/","og_locale":"pt_BR","og_type":"article","og_title":"Artes - FIRA - FACULDADES INTEGRADAS REGIONAIS DE AVAR\u00c9","og_description":"Curso de arte \u00e9 na FREA.","og_url":"https:\/\/www.fira.edu.br\/site\/arte\/","og_site_name":"FACULDADES INTEGRADAS REGIONAIS DE AVAR\u00c9","article_modified_time":"2024-03-14T22:42:25+00:00","og_image":[{"width":1080,"height":1350,"url":"https:\/\/www.fira.edu.br\/site\/wp-content\/uploads\/2021\/11\/artes-fira-2021.jpg","type":"image\/jpeg"}],"twitter_misc":{"Est. tempo de leitura":"2 minutos"},"schema":{"@context":"https:\/\/schema.org","@graph":[{"@type":"WebPage","@id":"https:\/\/www.fira.edu.br\/site\/arte\/","url":"https:\/\/www.fira.edu.br\/site\/arte\/","name":"Artes - FIRA - FACULDADES INTEGRADAS REGIONAIS DE AVAR\u00c9","isPartOf":{"@id":"https:\/\/www.fira.edu.br\/site\/#website"},"primaryImageOfPage":{"@id":"https:\/\/www.fira.edu.br\/site\/arte\/#primaryimage"},"image":{"@id":"https:\/\/www.fira.edu.br\/site\/arte\/#primaryimage"},"thumbnailUrl":"https:\/\/www.fira.edu.br\/site\/wp-content\/uploads\/2021\/11\/artes-fira-2021.jpg","datePublished":"2013-02-18T18:52:47+00:00","dateModified":"2024-03-14T22:42:25+00:00","description":"Curso de arte \u00e9 na FREA.","breadcrumb":{"@id":"https:\/\/www.fira.edu.br\/site\/arte\/#breadcrumb"},"inLanguage":"pt-BR","potentialAction":[{"@type":"ReadAction","target":["https:\/\/www.fira.edu.br\/site\/arte\/"]}]},{"@type":"ImageObject","inLanguage":"pt-BR","@id":"https:\/\/www.fira.edu.br\/site\/arte\/#primaryimage","url":"https:\/\/www.fira.edu.br\/site\/wp-content\/uploads\/2021\/11\/artes-fira-2021.jpg","contentUrl":"https:\/\/www.fira.edu.br\/site\/wp-content\/uploads\/2021\/11\/artes-fira-2021.jpg","width":1080,"height":1350},{"@type":"BreadcrumbList","@id":"https:\/\/www.fira.edu.br\/site\/arte\/#breadcrumb","itemListElement":[{"@type":"ListItem","position":1,"name":"In\u00edcio","item":"https:\/\/www.fira.edu.br\/site\/"},{"@type":"ListItem","position":2,"name":"Artes"}]},{"@type":"WebSite","@id":"https:\/\/www.fira.edu.br\/site\/#website","url":"https:\/\/www.fira.edu.br\/site\/","name":"FACULDADES INTEGRADAS REGIONAIS DE AVAR\u00c9","description":"A tradi\u00e7\u00e3o \u00e9 nossa. A oportunidade \u00e9 sua.","publisher":{"@id":"https:\/\/www.fira.edu.br\/site\/#organization"},"potentialAction":[{"@type":"SearchAction","target":{"@type":"EntryPoint","urlTemplate":"https:\/\/www.fira.edu.br\/site\/?s={search_term_string}"},"query-input":{"@type":"PropertyValueSpecification","valueRequired":true,"valueName":"search_term_string"}}],"inLanguage":"pt-BR"},{"@type":"Organization","@id":"https:\/\/www.fira.edu.br\/site\/#organization","name":"FACULDADES INTEGRADAS REGIONAIS DE AVAR\u00c9","url":"https:\/\/www.fira.edu.br\/site\/","logo":{"@type":"ImageObject","inLanguage":"pt-BR","@id":"https:\/\/www.fira.edu.br\/site\/#\/schema\/logo\/image\/","url":"https:\/\/www.fira.edu.br\/site\/wp-content\/uploads\/2020\/12\/fira-teste-.png","contentUrl":"https:\/\/www.fira.edu.br\/site\/wp-content\/uploads\/2020\/12\/fira-teste-.png","width":105,"height":105,"caption":"FACULDADES INTEGRADAS REGIONAIS DE AVAR\u00c9"},"image":{"@id":"https:\/\/www.fira.edu.br\/site\/#\/schema\/logo\/image\/"}}]}},"jetpack_sharing_enabled":true,"_links":{"self":[{"href":"https:\/\/www.fira.edu.br\/site\/wp-json\/wp\/v2\/pages\/114","targetHints":{"allow":["GET"]}}],"collection":[{"href":"https:\/\/www.fira.edu.br\/site\/wp-json\/wp\/v2\/pages"}],"about":[{"href":"https:\/\/www.fira.edu.br\/site\/wp-json\/wp\/v2\/types\/page"}],"author":[{"embeddable":true,"href":"https:\/\/www.fira.edu.br\/site\/wp-json\/wp\/v2\/users\/2"}],"replies":[{"embeddable":true,"href":"https:\/\/www.fira.edu.br\/site\/wp-json\/wp\/v2\/comments?post=114"}],"version-history":[{"count":27,"href":"https:\/\/www.fira.edu.br\/site\/wp-json\/wp\/v2\/pages\/114\/revisions"}],"predecessor-version":[{"id":15312,"href":"https:\/\/www.fira.edu.br\/site\/wp-json\/wp\/v2\/pages\/114\/revisions\/15312"}],"wp:featuredmedia":[{"embeddable":true,"href":"https:\/\/www.fira.edu.br\/site\/wp-json\/wp\/v2\/media\/13429"}],"wp:attachment":[{"href":"https:\/\/www.fira.edu.br\/site\/wp-json\/wp\/v2\/media?parent=114"}],"curies":[{"name":"wp","href":"https:\/\/api.w.org\/{rel}","templated":true}]}}