{"id":4839,"date":"2017-03-02T17:42:30","date_gmt":"2017-03-02T17:42:30","guid":{"rendered":"http:\/\/www.fira.edu.br\/site\/?page_id=4839-old"},"modified":"2026-04-06T23:48:31","modified_gmt":"2026-04-06T23:48:31","slug":"fichas-de-estagio","status":"publish","type":"page","link":"https:\/\/www.fira.edu.br\/site\/fichas-de-estagio\/","title":{"rendered":"Arquivos para Download"},"content":{"rendered":"<h4><span style=\"color: #333333;\">Arquivos dispon\u00edveis para download:<\/span><\/h4>\n<p>&nbsp;<\/p>\n<table style=\"width: 49.1466%; height: 316px;\">\n<tbody>\n<tr style=\"background-color: #ade8ed; height: 28px;\">\n<td style=\"width: 100%; height: 28px;\"><span style=\"color: #333333;\"><a style=\"color: #333333;\" href=\"https:\/\/www.fira.edu.br\/site\/wp-content\/uploads\/2022\/04\/Declaracao-Atividades-Complementares.pdf\" target=\"_blank\" rel=\"noopener\">Declara\u00e7\u00e3o Atividades Complementares<\/a><\/span><\/td>\n<\/tr>\n<tr>\n<td style=\"width: 100%;\"><span style=\"color: #333333;\">\u00a0<\/span><\/td>\n<\/tr>\n<tr style=\"background-color: #ade8ed;\">\n<td style=\"width: 100%;\"><span style=\"color: #333333;\"><a style=\"color: #333333;\" href=\"https:\/\/www.fira.edu.br\/site\/wp-content\/uploads\/2024\/04\/Formulario-de-entrega-das-Atividades-Complementares.pdf\" target=\"_blank\" rel=\"noopener\"><span class=\"fontstyle0\">Formul\u00e1rio de Entrega das Atividades Complementares<\/span><\/a><\/span><\/td>\n<\/tr>\n<tr style=\"height: 28px;\">\n<td style=\"width: 100%; height: 28px;\"><\/td>\n<\/tr>\n<tr style=\"background-color: #ade8ed;\">\n<td style=\"width: 100%;\"><a href=\"https:\/\/www.fira.edu.br\/site\/wp-content\/uploads\/2026\/03\/ESTAGIO-Formularios_Arte-FIRA-2026.pdf\" target=\"_blank\" rel=\"noopener\"><span style=\"color: #333333;\"><span class=\"fontstyle0\">Regulamento do Est\u00e1gio Supervisionado \u2013\u00a0 Arte &#8211; 2026<\/span><\/span><\/a><\/td>\n<\/tr>\n<tr>\n<td style=\"width: 100%;\"><\/td>\n<\/tr>\n<tr style=\"background-color: #ade8ed; height: 28px;\">\n<td style=\"width: 100%; height: 28px;\"><a href=\"https:\/\/www.fira.edu.br\/site\/wp-content\/uploads\/2026\/03\/ESTAGIO-Formularios-EF-Licenciatura-FIRA-2026.pdf\" target=\"_blank\" rel=\"noopener\"><span style=\"color: #333333;\"><span class=\"fontstyle0\">Regulamento do Est\u00e1gio Supervisionado \u2013\u00a0 Educa\u00e7\u00e3o F\u00edsica Licenciatura &#8211; 2026<\/span><\/span><\/a><\/td>\n<\/tr>\n<tr style=\"height: 56px;\">\n<td style=\"width: 100%; height: 56px;\"><\/td>\n<\/tr>\n<tr style=\"height: 28px; background-color: #ade8ed;\">\n<td style=\"width: 100%; height: 28px;\"><a href=\"https:\/\/www.fira.edu.br\/site\/wp-content\/uploads\/2026\/03\/ESTAGIO-Formularios_Historia-Letras-FIRA-2026.pdf\" target=\"_blank\" rel=\"noopener\"><span style=\"color: #333333;\"> <span class=\"fontstyle0\">Regulamento do Est\u00e1gio Supervisionado \u2013 Licenciatura em Hist\u00f3ria, Letras &#8211; 2026<\/span><\/span><\/a><\/td>\n<\/tr>\n<tr style=\"height: 28px;\">\n<td style=\"width: 100%; height: 28px;\"><\/td>\n<\/tr>\n<tr style=\"height: 28px; background-color: #ade8ed;\">\n<td style=\"width: 100%; height: 28px;\"><a href=\"https:\/\/www.fira.edu.br\/site\/wp-content\/uploads\/2026\/04\/ESTAGIO_Formularios_EF_Bacharelado_2026_.pdf\" target=\"_blank\" rel=\"noopener\"><span style=\"color: #333333;\"><span class=\"fontstyle0\">Regulamento do Est\u00e1gio Supervisionado \u2013 Educa\u00e7\u00e3o F\u00edsica Bacharelado &#8211; 20<\/span><span class=\"fontstyle0\">26<\/span><\/span><\/a><\/td>\n<\/tr>\n<tr style=\"height: 46.3125px;\">\n<td style=\"width: 100%; height: 46px;\"><\/td>\n<\/tr>\n<tr style=\"height: 46.3125px; background-color: #ade8ed;\">\n<td style=\"width: 100%; height: 46px;\"><a href=\"https:\/\/www.fira.edu.br\/site\/wp-content\/uploads\/2026\/03\/ESTAGIO-Formularios-Pedagogia_2026.pdf\" target=\"_blank\" rel=\"noopener\"><span style=\"color: #333333;\"><span class=\"fontstyle0\">Regulamento do Est\u00e1gio Supervisionado\u00a0 \u2013 Pedagogia &#8211; 2026<\/span><\/span><\/a><\/td>\n<\/tr>\n<\/tbody>\n<\/table>\n<p>&nbsp;<\/p>\n<p>&nbsp;<\/p>\n","protected":false},"excerpt":{"rendered":"<p>Arquivos dispon\u00edveis para download: &nbsp; Declara\u00e7\u00e3o Atividades Complementares \u00a0 Formul\u00e1rio de Entrega das Atividades Complementares Regulamento do Est\u00e1gio Supervisionado \u2013\u00a0 Arte &#8211; 2026 Regulamento do Est\u00e1gio Supervisionado \u2013\u00a0 Educa\u00e7\u00e3o F\u00edsica Licenciatura &#8211; 2026 Regulamento do Est\u00e1gio Supervisionado \u2013 Licenciatura em Hist\u00f3ria, Letras &#8211; 2026 Regulamento do Est\u00e1gio Supervisionado \u2013 Educa\u00e7\u00e3o F\u00edsica Bacharelado &#8211; 2026 Regulamento&hellip; <br \/> <a class=\"read-more\" href=\"https:\/\/www.fira.edu.br\/site\/fichas-de-estagio\/\">Leia mais<\/a><\/p>\n","protected":false},"author":2,"featured_media":0,"parent":0,"menu_order":0,"comment_status":"closed","ping_status":"closed","template":"","meta":{"_joinchat":[],"footnotes":""},"class_list":["post-4839","page","type-page","status-publish","hentry"],"yoast_head":"<!-- This site is optimized with the Yoast SEO plugin v27.3 - https:\/\/yoast.com\/product\/yoast-seo-wordpress\/ -->\n<title>Arquivos para Download - FACULDADES INTEGRADAS REGIONAIS DE AVAR\u00c9<\/title>\n<meta name=\"robots\" content=\"index, follow, max-snippet:-1, max-image-preview:large, max-video-preview:-1\" \/>\n<link rel=\"canonical\" href=\"https:\/\/www.fira.edu.br\/site\/fichas-de-estagio\/\" \/>\n<meta property=\"og:locale\" content=\"pt_BR\" \/>\n<meta property=\"og:type\" content=\"article\" \/>\n<meta property=\"og:title\" content=\"Arquivos para Download - FACULDADES INTEGRADAS REGIONAIS DE AVAR\u00c9\" \/>\n<meta property=\"og:description\" content=\"Arquivos dispon\u00edveis para download: &nbsp; Declara\u00e7\u00e3o Atividades Complementares \u00a0 Formul\u00e1rio de Entrega das Atividades Complementares Regulamento do Est\u00e1gio Supervisionado \u2013\u00a0 Arte &#8211; 2026 Regulamento do Est\u00e1gio Supervisionado \u2013\u00a0 Educa\u00e7\u00e3o F\u00edsica Licenciatura &#8211; 2026 Regulamento do Est\u00e1gio Supervisionado \u2013 Licenciatura em Hist\u00f3ria, Letras &#8211; 2026 Regulamento do Est\u00e1gio Supervisionado \u2013 Educa\u00e7\u00e3o F\u00edsica Bacharelado &#8211; 2026 Regulamento&hellip; Leia mais\" \/>\n<meta property=\"og:url\" content=\"https:\/\/www.fira.edu.br\/site\/fichas-de-estagio\/\" \/>\n<meta property=\"og:site_name\" content=\"FACULDADES INTEGRADAS REGIONAIS DE AVAR\u00c9\" \/>\n<meta property=\"article:modified_time\" content=\"2026-04-06T23:48:31+00:00\" \/>\n<meta name=\"twitter:label1\" content=\"Est. tempo de leitura\" \/>\n\t<meta name=\"twitter:data1\" content=\"1 minuto\" \/>\n<script type=\"application\/ld+json\" class=\"yoast-schema-graph\">{\"@context\":\"https:\\\/\\\/schema.org\",\"@graph\":[{\"@type\":\"WebPage\",\"@id\":\"https:\\\/\\\/www.fira.edu.br\\\/site\\\/fichas-de-estagio\\\/\",\"url\":\"https:\\\/\\\/www.fira.edu.br\\\/site\\\/fichas-de-estagio\\\/\",\"name\":\"Arquivos para Download - FACULDADES INTEGRADAS REGIONAIS DE AVAR\u00c9\",\"isPartOf\":{\"@id\":\"https:\\\/\\\/www.fira.edu.br\\\/site\\\/#website\"},\"datePublished\":\"2017-03-02T17:42:30+00:00\",\"dateModified\":\"2026-04-06T23:48:31+00:00\",\"breadcrumb\":{\"@id\":\"https:\\\/\\\/www.fira.edu.br\\\/site\\\/fichas-de-estagio\\\/#breadcrumb\"},\"inLanguage\":\"pt-BR\",\"potentialAction\":[{\"@type\":\"ReadAction\",\"target\":[\"https:\\\/\\\/www.fira.edu.br\\\/site\\\/fichas-de-estagio\\\/\"]}]},{\"@type\":\"BreadcrumbList\",\"@id\":\"https:\\\/\\\/www.fira.edu.br\\\/site\\\/fichas-de-estagio\\\/#breadcrumb\",\"itemListElement\":[{\"@type\":\"ListItem\",\"position\":1,\"name\":\"In\u00edcio\",\"item\":\"https:\\\/\\\/www.fira.edu.br\\\/site\\\/\"},{\"@type\":\"ListItem\",\"position\":2,\"name\":\"Arquivos para Download\"}]},{\"@type\":\"WebSite\",\"@id\":\"https:\\\/\\\/www.fira.edu.br\\\/site\\\/#website\",\"url\":\"https:\\\/\\\/www.fira.edu.br\\\/site\\\/\",\"name\":\"FACULDADES INTEGRADAS REGIONAIS DE AVAR\u00c9\",\"description\":\"A tradi\u00e7\u00e3o \u00e9 nossa. A oportunidade \u00e9 sua.\",\"publisher\":{\"@id\":\"https:\\\/\\\/www.fira.edu.br\\\/site\\\/#organization\"},\"potentialAction\":[{\"@type\":\"SearchAction\",\"target\":{\"@type\":\"EntryPoint\",\"urlTemplate\":\"https:\\\/\\\/www.fira.edu.br\\\/site\\\/?s={search_term_string}\"},\"query-input\":{\"@type\":\"PropertyValueSpecification\",\"valueRequired\":true,\"valueName\":\"search_term_string\"}}],\"inLanguage\":\"pt-BR\"},{\"@type\":\"Organization\",\"@id\":\"https:\\\/\\\/www.fira.edu.br\\\/site\\\/#organization\",\"name\":\"FACULDADES INTEGRADAS REGIONAIS DE AVAR\u00c9\",\"url\":\"https:\\\/\\\/www.fira.edu.br\\\/site\\\/\",\"logo\":{\"@type\":\"ImageObject\",\"inLanguage\":\"pt-BR\",\"@id\":\"https:\\\/\\\/www.fira.edu.br\\\/site\\\/#\\\/schema\\\/logo\\\/image\\\/\",\"url\":\"https:\\\/\\\/www.fira.edu.br\\\/site\\\/wp-content\\\/uploads\\\/2020\\\/12\\\/fira-teste-.png\",\"contentUrl\":\"https:\\\/\\\/www.fira.edu.br\\\/site\\\/wp-content\\\/uploads\\\/2020\\\/12\\\/fira-teste-.png\",\"width\":105,\"height\":105,\"caption\":\"FACULDADES INTEGRADAS REGIONAIS DE AVAR\u00c9\"},\"image\":{\"@id\":\"https:\\\/\\\/www.fira.edu.br\\\/site\\\/#\\\/schema\\\/logo\\\/image\\\/\"}}]}<\/script>\n<!-- \/ Yoast SEO plugin. -->","yoast_head_json":{"title":"Arquivos para Download - FACULDADES INTEGRADAS REGIONAIS DE AVAR\u00c9","robots":{"index":"index","follow":"follow","max-snippet":"max-snippet:-1","max-image-preview":"max-image-preview:large","max-video-preview":"max-video-preview:-1"},"canonical":"https:\/\/www.fira.edu.br\/site\/fichas-de-estagio\/","og_locale":"pt_BR","og_type":"article","og_title":"Arquivos para Download - FACULDADES INTEGRADAS REGIONAIS DE AVAR\u00c9","og_description":"Arquivos dispon\u00edveis para download: &nbsp; Declara\u00e7\u00e3o Atividades Complementares \u00a0 Formul\u00e1rio de Entrega das Atividades Complementares Regulamento do Est\u00e1gio Supervisionado \u2013\u00a0 Arte &#8211; 2026 Regulamento do Est\u00e1gio Supervisionado \u2013\u00a0 Educa\u00e7\u00e3o F\u00edsica Licenciatura &#8211; 2026 Regulamento do Est\u00e1gio Supervisionado \u2013 Licenciatura em Hist\u00f3ria, Letras &#8211; 2026 Regulamento do Est\u00e1gio Supervisionado \u2013 Educa\u00e7\u00e3o F\u00edsica Bacharelado &#8211; 2026 Regulamento&hellip; Leia mais","og_url":"https:\/\/www.fira.edu.br\/site\/fichas-de-estagio\/","og_site_name":"FACULDADES INTEGRADAS REGIONAIS DE AVAR\u00c9","article_modified_time":"2026-04-06T23:48:31+00:00","twitter_misc":{"Est. tempo de leitura":"1 minuto"},"schema":{"@context":"https:\/\/schema.org","@graph":[{"@type":"WebPage","@id":"https:\/\/www.fira.edu.br\/site\/fichas-de-estagio\/","url":"https:\/\/www.fira.edu.br\/site\/fichas-de-estagio\/","name":"Arquivos para Download - FACULDADES INTEGRADAS REGIONAIS DE AVAR\u00c9","isPartOf":{"@id":"https:\/\/www.fira.edu.br\/site\/#website"},"datePublished":"2017-03-02T17:42:30+00:00","dateModified":"2026-04-06T23:48:31+00:00","breadcrumb":{"@id":"https:\/\/www.fira.edu.br\/site\/fichas-de-estagio\/#breadcrumb"},"inLanguage":"pt-BR","potentialAction":[{"@type":"ReadAction","target":["https:\/\/www.fira.edu.br\/site\/fichas-de-estagio\/"]}]},{"@type":"BreadcrumbList","@id":"https:\/\/www.fira.edu.br\/site\/fichas-de-estagio\/#breadcrumb","itemListElement":[{"@type":"ListItem","position":1,"name":"In\u00edcio","item":"https:\/\/www.fira.edu.br\/site\/"},{"@type":"ListItem","position":2,"name":"Arquivos para Download"}]},{"@type":"WebSite","@id":"https:\/\/www.fira.edu.br\/site\/#website","url":"https:\/\/www.fira.edu.br\/site\/","name":"FACULDADES INTEGRADAS REGIONAIS DE AVAR\u00c9","description":"A tradi\u00e7\u00e3o \u00e9 nossa. A oportunidade \u00e9 sua.","publisher":{"@id":"https:\/\/www.fira.edu.br\/site\/#organization"},"potentialAction":[{"@type":"SearchAction","target":{"@type":"EntryPoint","urlTemplate":"https:\/\/www.fira.edu.br\/site\/?s={search_term_string}"},"query-input":{"@type":"PropertyValueSpecification","valueRequired":true,"valueName":"search_term_string"}}],"inLanguage":"pt-BR"},{"@type":"Organization","@id":"https:\/\/www.fira.edu.br\/site\/#organization","name":"FACULDADES INTEGRADAS REGIONAIS DE AVAR\u00c9","url":"https:\/\/www.fira.edu.br\/site\/","logo":{"@type":"ImageObject","inLanguage":"pt-BR","@id":"https:\/\/www.fira.edu.br\/site\/#\/schema\/logo\/image\/","url":"https:\/\/www.fira.edu.br\/site\/wp-content\/uploads\/2020\/12\/fira-teste-.png","contentUrl":"https:\/\/www.fira.edu.br\/site\/wp-content\/uploads\/2020\/12\/fira-teste-.png","width":105,"height":105,"caption":"FACULDADES INTEGRADAS REGIONAIS DE AVAR\u00c9"},"image":{"@id":"https:\/\/www.fira.edu.br\/site\/#\/schema\/logo\/image\/"}}]}},"jetpack_sharing_enabled":true,"_links":{"self":[{"href":"https:\/\/www.fira.edu.br\/site\/wp-json\/wp\/v2\/pages\/4839","targetHints":{"allow":["GET"]}}],"collection":[{"href":"https:\/\/www.fira.edu.br\/site\/wp-json\/wp\/v2\/pages"}],"about":[{"href":"https:\/\/www.fira.edu.br\/site\/wp-json\/wp\/v2\/types\/page"}],"author":[{"embeddable":true,"href":"https:\/\/www.fira.edu.br\/site\/wp-json\/wp\/v2\/users\/2"}],"replies":[{"embeddable":true,"href":"https:\/\/www.fira.edu.br\/site\/wp-json\/wp\/v2\/comments?post=4839"}],"version-history":[{"count":45,"href":"https:\/\/www.fira.edu.br\/site\/wp-json\/wp\/v2\/pages\/4839\/revisions"}],"predecessor-version":[{"id":16435,"href":"https:\/\/www.fira.edu.br\/site\/wp-json\/wp\/v2\/pages\/4839\/revisions\/16435"}],"wp:attachment":[{"href":"https:\/\/www.fira.edu.br\/site\/wp-json\/wp\/v2\/media?parent=4839"}],"curies":[{"name":"wp","href":"https:\/\/api.w.org\/{rel}","templated":true}]}}