{"id":88,"date":"2013-02-18T14:32:48","date_gmt":"2013-02-18T14:32:48","guid":{"rendered":"http:\/\/www.fira.edu.br\/site\/?page_id=88-old"},"modified":"2023-11-24T18:48:04","modified_gmt":"2023-11-24T18:48:04","slug":"localizacao-before-import","status":"publish","type":"page","link":"https:\/\/www.fira.edu.br\/site\/localizacao-before-import\/","title":{"rendered":"Localiza\u00e7\u00e3o"},"content":{"rendered":"<p>Veja no mapa a nossa localiza\u00e7\u00e3o.<\/p>\n<p>Pra\u00e7a Pref. Romeu Bretas, 163 &#8211; Centro &#8211; Avar\u00e9\/SP<br \/>\nCEP: 18700-902<br \/>\nTel.: (14)\u00a0 3711-1828<\/p>\n<p><iframe style=\"border: 0;\" src=\"https:\/\/www.google.com\/maps\/embed?pb=!1m18!1m12!1m3!1d5190.131163992384!2d-48.926754622569334!3d-23.09793993307908!2m3!1f0!2f0!3f0!3m2!1i1024!2i768!4f13.1!3m3!1m2!1s0x0%3A0x275b5d70cf6094f1!2sFREA!5e0!3m2!1spt-BR!2sbr!4v1481626679707\" width=\"600\" height=\"450\" frameborder=\"0\" allowfullscreen=\"allowfullscreen\"><\/iframe><\/p>\n","protected":false},"excerpt":{"rendered":"<p>Veja no mapa a nossa localiza\u00e7\u00e3o. Pra\u00e7a Pref. Romeu Bretas, 163 &#8211; Centro &#8211; Avar\u00e9\/SP CEP: 18700-902 Tel.: (14)\u00a0 3711-1828<\/p>\n","protected":false},"author":2,"featured_media":0,"parent":0,"menu_order":0,"comment_status":"closed","ping_status":"closed","template":"","meta":{"_joinchat":[],"footnotes":""},"class_list":["post-88","page","type-page","status-publish","hentry"],"yoast_head":"<!-- This site is optimized with the Yoast SEO plugin v27.3 - https:\/\/yoast.com\/product\/yoast-seo-wordpress\/ -->\n<title>Localiza\u00e7\u00e3o - FREA - FACULDADES INTEGRADAS REGIONAIS DE AVAR\u00c9<\/title>\n<meta name=\"description\" content=\"Veja nossa localiza\u00e7\u00e3o no mapa.\" \/>\n<meta name=\"robots\" content=\"index, follow, max-snippet:-1, max-image-preview:large, max-video-preview:-1\" \/>\n<link rel=\"canonical\" href=\"https:\/\/www.fira.edu.br\/site\/localizacao-before-import\/\" \/>\n<meta property=\"og:locale\" content=\"pt_BR\" \/>\n<meta property=\"og:type\" content=\"article\" \/>\n<meta property=\"og:title\" content=\"Localiza\u00e7\u00e3o - FREA - FACULDADES INTEGRADAS REGIONAIS DE AVAR\u00c9\" \/>\n<meta property=\"og:description\" content=\"Veja nossa localiza\u00e7\u00e3o no mapa.\" \/>\n<meta property=\"og:url\" content=\"https:\/\/www.fira.edu.br\/site\/localizacao-before-import\/\" \/>\n<meta property=\"og:site_name\" content=\"FACULDADES INTEGRADAS REGIONAIS DE AVAR\u00c9\" \/>\n<meta property=\"article:modified_time\" content=\"2023-11-24T18:48:04+00:00\" \/>\n<meta name=\"twitter:label1\" content=\"Est. tempo de leitura\" \/>\n\t<meta name=\"twitter:data1\" content=\"1 minuto\" \/>\n<script type=\"application\/ld+json\" class=\"yoast-schema-graph\">{\"@context\":\"https:\\\/\\\/schema.org\",\"@graph\":[{\"@type\":\"WebPage\",\"@id\":\"https:\\\/\\\/www.fira.edu.br\\\/site\\\/localizacao-before-import\\\/\",\"url\":\"https:\\\/\\\/www.fira.edu.br\\\/site\\\/localizacao-before-import\\\/\",\"name\":\"Localiza\u00e7\u00e3o - FREA - FACULDADES INTEGRADAS REGIONAIS DE AVAR\u00c9\",\"isPartOf\":{\"@id\":\"https:\\\/\\\/www.fira.edu.br\\\/site\\\/#website\"},\"datePublished\":\"2013-02-18T14:32:48+00:00\",\"dateModified\":\"2023-11-24T18:48:04+00:00\",\"description\":\"Veja nossa localiza\u00e7\u00e3o no mapa.\",\"breadcrumb\":{\"@id\":\"https:\\\/\\\/www.fira.edu.br\\\/site\\\/localizacao-before-import\\\/#breadcrumb\"},\"inLanguage\":\"pt-BR\",\"potentialAction\":[{\"@type\":\"ReadAction\",\"target\":[\"https:\\\/\\\/www.fira.edu.br\\\/site\\\/localizacao-before-import\\\/\"]}]},{\"@type\":\"BreadcrumbList\",\"@id\":\"https:\\\/\\\/www.fira.edu.br\\\/site\\\/localizacao-before-import\\\/#breadcrumb\",\"itemListElement\":[{\"@type\":\"ListItem\",\"position\":1,\"name\":\"In\u00edcio\",\"item\":\"https:\\\/\\\/www.fira.edu.br\\\/site\\\/\"},{\"@type\":\"ListItem\",\"position\":2,\"name\":\"Localiza\u00e7\u00e3o\"}]},{\"@type\":\"WebSite\",\"@id\":\"https:\\\/\\\/www.fira.edu.br\\\/site\\\/#website\",\"url\":\"https:\\\/\\\/www.fira.edu.br\\\/site\\\/\",\"name\":\"FACULDADES INTEGRADAS REGIONAIS DE AVAR\u00c9\",\"description\":\"A tradi\u00e7\u00e3o \u00e9 nossa. A oportunidade \u00e9 sua.\",\"publisher\":{\"@id\":\"https:\\\/\\\/www.fira.edu.br\\\/site\\\/#organization\"},\"potentialAction\":[{\"@type\":\"SearchAction\",\"target\":{\"@type\":\"EntryPoint\",\"urlTemplate\":\"https:\\\/\\\/www.fira.edu.br\\\/site\\\/?s={search_term_string}\"},\"query-input\":{\"@type\":\"PropertyValueSpecification\",\"valueRequired\":true,\"valueName\":\"search_term_string\"}}],\"inLanguage\":\"pt-BR\"},{\"@type\":\"Organization\",\"@id\":\"https:\\\/\\\/www.fira.edu.br\\\/site\\\/#organization\",\"name\":\"FACULDADES INTEGRADAS REGIONAIS DE AVAR\u00c9\",\"url\":\"https:\\\/\\\/www.fira.edu.br\\\/site\\\/\",\"logo\":{\"@type\":\"ImageObject\",\"inLanguage\":\"pt-BR\",\"@id\":\"https:\\\/\\\/www.fira.edu.br\\\/site\\\/#\\\/schema\\\/logo\\\/image\\\/\",\"url\":\"https:\\\/\\\/www.fira.edu.br\\\/site\\\/wp-content\\\/uploads\\\/2020\\\/12\\\/fira-teste-.png\",\"contentUrl\":\"https:\\\/\\\/www.fira.edu.br\\\/site\\\/wp-content\\\/uploads\\\/2020\\\/12\\\/fira-teste-.png\",\"width\":105,\"height\":105,\"caption\":\"FACULDADES INTEGRADAS REGIONAIS DE AVAR\u00c9\"},\"image\":{\"@id\":\"https:\\\/\\\/www.fira.edu.br\\\/site\\\/#\\\/schema\\\/logo\\\/image\\\/\"}}]}<\/script>\n<!-- \/ Yoast SEO plugin. -->","yoast_head_json":{"title":"Localiza\u00e7\u00e3o - FREA - FACULDADES INTEGRADAS REGIONAIS DE AVAR\u00c9","description":"Veja nossa localiza\u00e7\u00e3o no mapa.","robots":{"index":"index","follow":"follow","max-snippet":"max-snippet:-1","max-image-preview":"max-image-preview:large","max-video-preview":"max-video-preview:-1"},"canonical":"https:\/\/www.fira.edu.br\/site\/localizacao-before-import\/","og_locale":"pt_BR","og_type":"article","og_title":"Localiza\u00e7\u00e3o - FREA - FACULDADES INTEGRADAS REGIONAIS DE AVAR\u00c9","og_description":"Veja nossa localiza\u00e7\u00e3o no mapa.","og_url":"https:\/\/www.fira.edu.br\/site\/localizacao-before-import\/","og_site_name":"FACULDADES INTEGRADAS REGIONAIS DE AVAR\u00c9","article_modified_time":"2023-11-24T18:48:04+00:00","twitter_misc":{"Est. tempo de leitura":"1 minuto"},"schema":{"@context":"https:\/\/schema.org","@graph":[{"@type":"WebPage","@id":"https:\/\/www.fira.edu.br\/site\/localizacao-before-import\/","url":"https:\/\/www.fira.edu.br\/site\/localizacao-before-import\/","name":"Localiza\u00e7\u00e3o - FREA - FACULDADES INTEGRADAS REGIONAIS DE AVAR\u00c9","isPartOf":{"@id":"https:\/\/www.fira.edu.br\/site\/#website"},"datePublished":"2013-02-18T14:32:48+00:00","dateModified":"2023-11-24T18:48:04+00:00","description":"Veja nossa localiza\u00e7\u00e3o no mapa.","breadcrumb":{"@id":"https:\/\/www.fira.edu.br\/site\/localizacao-before-import\/#breadcrumb"},"inLanguage":"pt-BR","potentialAction":[{"@type":"ReadAction","target":["https:\/\/www.fira.edu.br\/site\/localizacao-before-import\/"]}]},{"@type":"BreadcrumbList","@id":"https:\/\/www.fira.edu.br\/site\/localizacao-before-import\/#breadcrumb","itemListElement":[{"@type":"ListItem","position":1,"name":"In\u00edcio","item":"https:\/\/www.fira.edu.br\/site\/"},{"@type":"ListItem","position":2,"name":"Localiza\u00e7\u00e3o"}]},{"@type":"WebSite","@id":"https:\/\/www.fira.edu.br\/site\/#website","url":"https:\/\/www.fira.edu.br\/site\/","name":"FACULDADES INTEGRADAS REGIONAIS DE AVAR\u00c9","description":"A tradi\u00e7\u00e3o \u00e9 nossa. A oportunidade \u00e9 sua.","publisher":{"@id":"https:\/\/www.fira.edu.br\/site\/#organization"},"potentialAction":[{"@type":"SearchAction","target":{"@type":"EntryPoint","urlTemplate":"https:\/\/www.fira.edu.br\/site\/?s={search_term_string}"},"query-input":{"@type":"PropertyValueSpecification","valueRequired":true,"valueName":"search_term_string"}}],"inLanguage":"pt-BR"},{"@type":"Organization","@id":"https:\/\/www.fira.edu.br\/site\/#organization","name":"FACULDADES INTEGRADAS REGIONAIS DE AVAR\u00c9","url":"https:\/\/www.fira.edu.br\/site\/","logo":{"@type":"ImageObject","inLanguage":"pt-BR","@id":"https:\/\/www.fira.edu.br\/site\/#\/schema\/logo\/image\/","url":"https:\/\/www.fira.edu.br\/site\/wp-content\/uploads\/2020\/12\/fira-teste-.png","contentUrl":"https:\/\/www.fira.edu.br\/site\/wp-content\/uploads\/2020\/12\/fira-teste-.png","width":105,"height":105,"caption":"FACULDADES INTEGRADAS REGIONAIS DE AVAR\u00c9"},"image":{"@id":"https:\/\/www.fira.edu.br\/site\/#\/schema\/logo\/image\/"}}]}},"jetpack_sharing_enabled":true,"_links":{"self":[{"href":"https:\/\/www.fira.edu.br\/site\/wp-json\/wp\/v2\/pages\/88","targetHints":{"allow":["GET"]}}],"collection":[{"href":"https:\/\/www.fira.edu.br\/site\/wp-json\/wp\/v2\/pages"}],"about":[{"href":"https:\/\/www.fira.edu.br\/site\/wp-json\/wp\/v2\/types\/page"}],"author":[{"embeddable":true,"href":"https:\/\/www.fira.edu.br\/site\/wp-json\/wp\/v2\/users\/2"}],"replies":[{"embeddable":true,"href":"https:\/\/www.fira.edu.br\/site\/wp-json\/wp\/v2\/comments?post=88"}],"version-history":[{"count":18,"href":"https:\/\/www.fira.edu.br\/site\/wp-json\/wp\/v2\/pages\/88\/revisions"}],"predecessor-version":[{"id":14504,"href":"https:\/\/www.fira.edu.br\/site\/wp-json\/wp\/v2\/pages\/88\/revisions\/14504"}],"wp:attachment":[{"href":"https:\/\/www.fira.edu.br\/site\/wp-json\/wp\/v2\/media?parent=88"}],"curies":[{"name":"wp","href":"https:\/\/api.w.org\/{rel}","templated":true}]}}